{"id":391,"date":"2023-01-03T18:25:32","date_gmt":"2023-01-03T17:25:32","guid":{"rendered":"https:\/\/lepetitscarabee.com\/dieulefit\/?page_id=391"},"modified":"2023-04-03T15:29:06","modified_gmt":"2023-04-03T14:29:06","slug":"accueil","status":"publish","type":"page","link":"https:\/\/lepetitscarabee.com\/dieulefit\/","title":{"rendered":"Accueil"},"content":{"rendered":"<div id=\"fb-root\"><\/div>\n\n<p><\/p>\n\n\n\n<div class=\"wp-block-media-text alignwide is-stacked-on-mobile\"><figure class=\"wp-block-media-text__media\"><img data-recalc-dims=\"1\" loading=\"lazy\" decoding=\"async\" width=\"730\" height=\"483\" src=\"https:\/\/i0.wp.com\/lepetitscarabee.com\/dieulefit\/wp-content\/uploads\/2023\/01\/Photo-Michel-DURAND-007.jpg?resize=730%2C483&#038;ssl=1\" alt=\"\" class=\"wp-image-554 size-full\" srcset=\"https:\/\/i0.wp.com\/lepetitscarabee.com\/dieulefit\/wp-content\/uploads\/2023\/01\/Photo-Michel-DURAND-007-scaled.jpg?resize=1024%2C678&amp;ssl=1 1024w, https:\/\/i0.wp.com\/lepetitscarabee.com\/dieulefit\/wp-content\/uploads\/2023\/01\/Photo-Michel-DURAND-007-scaled.jpg?resize=300%2C199&amp;ssl=1 300w, https:\/\/i0.wp.com\/lepetitscarabee.com\/dieulefit\/wp-content\/uploads\/2023\/01\/Photo-Michel-DURAND-007-scaled.jpg?resize=768%2C509&amp;ssl=1 768w, https:\/\/i0.wp.com\/lepetitscarabee.com\/dieulefit\/wp-content\/uploads\/2023\/01\/Photo-Michel-DURAND-007-scaled.jpg?resize=1536%2C1017&amp;ssl=1 1536w, https:\/\/i0.wp.com\/lepetitscarabee.com\/dieulefit\/wp-content\/uploads\/2023\/01\/Photo-Michel-DURAND-007-scaled.jpg?resize=2048%2C1356&amp;ssl=1 2048w, https:\/\/i0.wp.com\/lepetitscarabee.com\/dieulefit\/wp-content\/uploads\/2023\/01\/Photo-Michel-DURAND-007-scaled.jpg?w=1460&amp;ssl=1 1460w, https:\/\/i0.wp.com\/lepetitscarabee.com\/dieulefit\/wp-content\/uploads\/2023\/01\/Photo-Michel-DURAND-007-scaled.jpg?w=2190&amp;ssl=1 2190w\" sizes=\"auto, (max-width: 730px) 100vw, 730px\" \/><\/figure><div class=\"wp-block-media-text__content\">\n<p>Bienvenue ! <\/p>\n\n\n\n<p>Au c\u0153ur du vieux village, la Viale, je vous accueillerai dans mon Atelier-Boutique avec plaisir!<\/p>\n\n\n\n<p>Vous y d\u00e9couvrirez ma production c\u00e9ramique au fil des saisons.<\/p>\n\n\n\n<p>J&rsquo;ai d\u00e9couvert la mati\u00e8re terre il y a 16 ans et appris sur le tas en travaillant \u00e0 la Maison de La Terre \u00e0 Dieulefit.<\/p>\n\n\n\n<p>En 2005, les lustres arabes sont une r\u00e9v\u00e9lation !<\/p>\n\n\n\n<p>Chez Marcel Muller puis \u00e0 mon atelier, j&rsquo;ai trouv\u00e9 mon style en puisant mon inspiration dans la calligraphie arabe et l&rsquo;art de la table.<\/p>\n\n\n\n<p>Des bols, verres, saladiers, services \u00e0 th\u00e9 et tajines en terre culinaire \u00e0 poser sur votre table tous les jours !<\/p>\n\n\n\n<p>Un savoir faire ancestral que j&rsquo;aime d\u00e9cliner pour tous vos usages quotidiens mais aussi pour des pots de jardins, porte-savons, dessous de plats, porte-couverts, cendriers, bo\u00eetes \u00e0 bijoux, bo\u00eetes \u00e0 kh\u00f4l, diffuseurs d&rsquo;essence de lavande, diffuseurs d&rsquo;eau pour vos plantes en pots et plus encore si vous me passez commande.<\/p>\n<\/div><\/div>\n\n\n\n<div class=\"wp-block-media-text alignwide has-media-on-the-right is-stacked-on-mobile is-image-fill\"><div class=\"wp-block-media-text__content\">\n<p>Vous pouvez <a href=\"https:\/\/lepetitscarabee.com\/dieulefit\/contacts\/\" data-type=\"URL\" data-id=\"https:\/\/lepetitscarabee.com\/dieulefit\/contacts\/\">me contacter ici<\/a> ou sur ma page <a href=\"https:\/\/www.facebook.com\/lepetitscarabeee\" data-type=\"URL\" data-id=\"https:\/\/www.facebook.com\/lepetitscarabeee\" target=\"_blank\" rel=\"noreferrer noopener\">Facebook<\/a>.<\/p>\n\n\n\n<p><code><div class=\"fb-page\" data-href=\"https:\/\/www.facebook.com\/lepetitscarabeee\" data-width=\"340\" data-height=\"500\" data-tabs=\"\" data-hide-cover=\"false\" data-show-facepile=\"false\" data-hide-cta=\"false\" data-small-header=\"false\" data-adapt-container-width=\"true\"><\/div><\/code><\/p>\n<\/div><figure class=\"wp-block-media-text__media\" style=\"background-image:url(https:\/\/lepetitscarabee.com\/dieulefit\/wp-content\/uploads\/2023\/01\/IMG_0060-1024x768.jpg);background-position:50% 50%\"><img data-recalc-dims=\"1\" loading=\"lazy\" decoding=\"async\" width=\"730\" height=\"548\" src=\"https:\/\/i0.wp.com\/lepetitscarabee.com\/dieulefit\/wp-content\/uploads\/2023\/01\/IMG_0060.jpg?resize=730%2C548&#038;ssl=1\" alt=\"\" class=\"wp-image-511 size-full\" srcset=\"https:\/\/i0.wp.com\/lepetitscarabee.com\/dieulefit\/wp-content\/uploads\/2023\/01\/IMG_0060-scaled.jpg?resize=1024%2C768&amp;ssl=1 1024w, https:\/\/i0.wp.com\/lepetitscarabee.com\/dieulefit\/wp-content\/uploads\/2023\/01\/IMG_0060-scaled.jpg?resize=300%2C225&amp;ssl=1 300w, https:\/\/i0.wp.com\/lepetitscarabee.com\/dieulefit\/wp-content\/uploads\/2023\/01\/IMG_0060-scaled.jpg?resize=768%2C576&amp;ssl=1 768w, https:\/\/i0.wp.com\/lepetitscarabee.com\/dieulefit\/wp-content\/uploads\/2023\/01\/IMG_0060-scaled.jpg?resize=1536%2C1152&amp;ssl=1 1536w, https:\/\/i0.wp.com\/lepetitscarabee.com\/dieulefit\/wp-content\/uploads\/2023\/01\/IMG_0060-scaled.jpg?resize=2048%2C1536&amp;ssl=1 2048w, https:\/\/i0.wp.com\/lepetitscarabee.com\/dieulefit\/wp-content\/uploads\/2023\/01\/IMG_0060-scaled.jpg?w=1460&amp;ssl=1 1460w, https:\/\/i0.wp.com\/lepetitscarabee.com\/dieulefit\/wp-content\/uploads\/2023\/01\/IMG_0060-scaled.jpg?w=2190&amp;ssl=1 2190w\" sizes=\"auto, (max-width: 730px) 100vw, 730px\" \/><\/figure><\/div>\n","protected":false},"excerpt":{"rendered":"<p>Bienvenue ! Au c\u0153ur du vieux village, la Viale, je vous accueillerai dans mon Atelier-Boutique avec plaisir! Vous y d\u00e9couvrirez ma production c\u00e9ramique au fil des saisons. J&rsquo;ai d\u00e9couvert la mati\u00e8re terre il y a 16 ans et appris sur <a href=\"https:\/\/lepetitscarabee.com\/dieulefit\/\"> Read more&#8230;<\/a><\/p>\n","protected":false},"author":1,"featured_media":0,"parent":0,"menu_order":0,"comment_status":"closed","ping_status":"closed","template":"","meta":{"footnotes":""},"folder":[],"class_list":["post-391","page","type-page","status-publish","hentry"],"jetpack_sharing_enabled":true,"_links":{"self":[{"href":"https:\/\/lepetitscarabee.com\/dieulefit\/wp-json\/wp\/v2\/pages\/391","targetHints":{"allow":["GET"]}}],"collection":[{"href":"https:\/\/lepetitscarabee.com\/dieulefit\/wp-json\/wp\/v2\/pages"}],"about":[{"href":"https:\/\/lepetitscarabee.com\/dieulefit\/wp-json\/wp\/v2\/types\/page"}],"author":[{"embeddable":true,"href":"https:\/\/lepetitscarabee.com\/dieulefit\/wp-json\/wp\/v2\/users\/1"}],"replies":[{"embeddable":true,"href":"https:\/\/lepetitscarabee.com\/dieulefit\/wp-json\/wp\/v2\/comments?post=391"}],"version-history":[{"count":9,"href":"https:\/\/lepetitscarabee.com\/dieulefit\/wp-json\/wp\/v2\/pages\/391\/revisions"}],"predecessor-version":[{"id":769,"href":"https:\/\/lepetitscarabee.com\/dieulefit\/wp-json\/wp\/v2\/pages\/391\/revisions\/769"}],"wp:attachment":[{"href":"https:\/\/lepetitscarabee.com\/dieulefit\/wp-json\/wp\/v2\/media?parent=391"}],"wp:term":[{"taxonomy":"folder","embeddable":true,"href":"https:\/\/lepetitscarabee.com\/dieulefit\/wp-json\/wp\/v2\/folder?post=391"}],"curies":[{"name":"wp","href":"https:\/\/api.w.org\/{rel}","templated":true}]}}