{"id":792,"date":"2023-09-17T15:51:32","date_gmt":"2023-09-17T14:51:32","guid":{"rendered":"https:\/\/lepetitscarabee.com\/dieulefit\/?page_id=792"},"modified":"2023-09-17T15:59:49","modified_gmt":"2023-09-17T14:59:49","slug":"cours-et-formation","status":"publish","type":"page","link":"https:\/\/lepetitscarabee.com\/dieulefit\/cours-et-formation\/","title":{"rendered":"Cours et formations"},"content":{"rendered":"<div id=\"fb-root\"><\/div>\n\n<p>En hors saison, de <strong>d\u00e9but octobre \u00e0 fin mars<\/strong>, vous pouvez me retrouver \u00e0 l&rsquo;atelier pour suivre des cours de sensibilisation et de perfectionnement au travail de la terre : <br>&#8211; <span style=\"text-decoration: underline;\">Cours de tournage<\/span> : adultes et enfants \u00e0 partir de 12 ans (2h minimum)<br>&#8211; <span style=\"text-decoration: underline;\">Cours de modelage<\/span> : adultes et enfants \u00e0 partir de 6 ans (1h minimum)<br>Il est pr\u00e9f\u00e9rable de prendre au moins 5 s\u00e9ances pour un meilleur suivi et apprentissage des diff\u00e9rentes \u00e9tapes (fabrication, finition, engobage, d\u00e9cors).<\/p>\n\n\n\n<p><span style=\"text-decoration: underline;\">Tarifs<\/span> : 20\u20ac \/ heure tout compris (terre, oxydes, engobes, 2 cuissons, \u00e9maillage)<\/p>\n\n\n\n<p>Pour plus d&rsquo;information contactez-moi par mail ou par t\u00e9l\u00e9phone. <br>Pr\u00e9venez-moi 10 jours \u00e0 l&rsquo;avance pour r\u00e9server vos s\u00e9ances afin de vous accueillir au mieux par rapport \u00e0 mes disponibilit\u00e9s !<\/p>\n\n\n\n<p><\/p>\n","protected":false},"excerpt":{"rendered":"<p>En hors saison, de d\u00e9but octobre \u00e0 fin mars, vous pouvez me retrouver \u00e0 l&rsquo;atelier pour suivre des cours de sensibilisation et de perfectionnement au travail de la terre : &#8211; Cours de tournage : adultes et enfants \u00e0 partir <a href=\"https:\/\/lepetitscarabee.com\/dieulefit\/cours-et-formation\/\"> Read more&#8230;<\/a><\/p>\n","protected":false},"author":3,"featured_media":0,"parent":0,"menu_order":0,"comment_status":"closed","ping_status":"closed","template":"","meta":{"footnotes":""},"folder":[],"class_list":["post-792","page","type-page","status-publish","hentry"],"jetpack_sharing_enabled":true,"_links":{"self":[{"href":"https:\/\/lepetitscarabee.com\/dieulefit\/wp-json\/wp\/v2\/pages\/792","targetHints":{"allow":["GET"]}}],"collection":[{"href":"https:\/\/lepetitscarabee.com\/dieulefit\/wp-json\/wp\/v2\/pages"}],"about":[{"href":"https:\/\/lepetitscarabee.com\/dieulefit\/wp-json\/wp\/v2\/types\/page"}],"author":[{"embeddable":true,"href":"https:\/\/lepetitscarabee.com\/dieulefit\/wp-json\/wp\/v2\/users\/3"}],"replies":[{"embeddable":true,"href":"https:\/\/lepetitscarabee.com\/dieulefit\/wp-json\/wp\/v2\/comments?post=792"}],"version-history":[{"count":7,"href":"https:\/\/lepetitscarabee.com\/dieulefit\/wp-json\/wp\/v2\/pages\/792\/revisions"}],"predecessor-version":[{"id":803,"href":"https:\/\/lepetitscarabee.com\/dieulefit\/wp-json\/wp\/v2\/pages\/792\/revisions\/803"}],"wp:attachment":[{"href":"https:\/\/lepetitscarabee.com\/dieulefit\/wp-json\/wp\/v2\/media?parent=792"}],"wp:term":[{"taxonomy":"folder","embeddable":true,"href":"https:\/\/lepetitscarabee.com\/dieulefit\/wp-json\/wp\/v2\/folder?post=792"}],"curies":[{"name":"wp","href":"https:\/\/api.w.org\/{rel}","templated":true}]}}